{"id":20,"date":"2014-12-02T22:05:13","date_gmt":"2014-12-02T20:05:13","guid":{"rendered":"http:\/\/ptsstpoelten.ac.at\/wordpress\/?page_id=20"},"modified":"2015-01-14T09:57:52","modified_gmt":"2015-01-14T07:57:52","slug":"kontakt","status":"publish","type":"page","link":"https:\/\/ptsstpoelten.ac.at\/wordpress\/kontakt\/","title":{"rendered":"Kontakt"},"content":{"rendered":"<h4 style=\"text-align: justify;\">Adresse<\/h4>\n<p style=\"text-align: justify;\">Polytechnische Schule St. P\u00f6lten<\/p>\n<p style=\"text-align: justify;\">Hans-Schickelgruber-Stra\u00dfe 7<br \/>\n3100 St. P\u00f6lten<\/p>\n<p style=\"text-align: justify;\"><strong>TEL:<\/strong> 02742 32 314-50<br \/>\n<strong>FAX:<\/strong> 02742 32 314-59<br \/>\n<strong>E-MAIL:<\/strong> <a href=\"mailto:pts.stpoelten@noeschule.at\">pts.stpoelten@noeschule.at<\/a><\/p>\n<h4 style=\"text-align: justify;\"><\/h4>\n","protected":false},"excerpt":{"rendered":"<p>Adresse Polytechnische Schule St. P\u00f6lten Hans-Schickelgruber-Stra\u00dfe 7 3100 St. P\u00f6lten TEL: 02742 32 314-50 FAX: 02742 32 314-59 E-MAIL: pts.stpoelten@noeschule.at<\/p>\n","protected":false},"author":1,"featured_media":0,"parent":0,"menu_order":0,"comment_status":"closed","ping_status":"open","template":"page-templates\/contact.php","meta":{"footnotes":""},"_links":{"self":[{"href":"https:\/\/ptsstpoelten.ac.at\/wordpress\/wp-json\/wp\/v2\/pages\/20"}],"collection":[{"href":"https:\/\/ptsstpoelten.ac.at\/wordpress\/wp-json\/wp\/v2\/pages"}],"about":[{"href":"https:\/\/ptsstpoelten.ac.at\/wordpress\/wp-json\/wp\/v2\/types\/page"}],"author":[{"embeddable":true,"href":"https:\/\/ptsstpoelten.ac.at\/wordpress\/wp-json\/wp\/v2\/users\/1"}],"replies":[{"embeddable":true,"href":"https:\/\/ptsstpoelten.ac.at\/wordpress\/wp-json\/wp\/v2\/comments?post=20"}],"version-history":[{"count":17,"href":"https:\/\/ptsstpoelten.ac.at\/wordpress\/wp-json\/wp\/v2\/pages\/20\/revisions"}],"predecessor-version":[{"id":698,"href":"https:\/\/ptsstpoelten.ac.at\/wordpress\/wp-json\/wp\/v2\/pages\/20\/revisions\/698"}],"wp:attachment":[{"href":"https:\/\/ptsstpoelten.ac.at\/wordpress\/wp-json\/wp\/v2\/media?parent=20"}],"curies":[{"name":"wp","href":"https:\/\/api.w.org\/{rel}","templated":true}]}}